{"id":421,"date":"2023-08-09T00:37:22","date_gmt":"2023-08-09T00:37:22","guid":{"rendered":"https:\/\/amoscesar.com\/ht\/?page_id=421"},"modified":"2024-03-17T13:55:25","modified_gmt":"2024-03-17T13:55:25","slug":"atik-teyat","status":"publish","type":"page","link":"https:\/\/amoscesar.com\/ht\/teyat\/atik-teyat\/","title":{"rendered":"Atik"},"content":{"rendered":"\t\t<div data-elementor-type=\"wp-page\" data-elementor-id=\"421\" class=\"elementor elementor-421\">\n\t\t\t\t\t\t<section class=\"elementor-section elementor-top-section elementor-element elementor-element-20ad18c7 elementor-section-full_width elementor-section-height-min-height elementor-section-height-default elementor-section-items-middle\" data-id=\"20ad18c7\" data-element_type=\"section\" data-e-type=\"section\" data-settings=\"{&quot;background_background&quot;:&quot;classic&quot;}\">\n\t\t\t\t\t\t\t<div class=\"elementor-background-overlay\"><\/div>\n\t\t\t\t\t\t\t<div class=\"elementor-container elementor-column-gap-default\">\n\t\t\t\t\t<div class=\"elementor-column elementor-col-100 elementor-top-column elementor-element elementor-element-467e676d\" data-id=\"467e676d\" data-element_type=\"column\" data-e-type=\"column\">\n\t\t\t<div class=\"elementor-widget-wrap elementor-element-populated\">\n\t\t\t\t\t\t<div class=\"elementor-element elementor-element-2980ecee elementor-widget elementor-widget-heading\" data-id=\"2980ecee\" data-element_type=\"widget\" data-e-type=\"widget\" data-widget_type=\"heading.default\">\n\t\t\t\t<div class=\"elementor-widget-container\">\n\t\t\t\t\t<h2 class=\"elementor-heading-title elementor-size-default\">Atik<\/h2>\t\t\t\t<\/div>\n\t\t\t\t<\/div>\n\t\t\t\t\t<\/div>\n\t\t<\/div>\n\t\t\t\t\t<\/div>\n\t\t<\/section>\n\t\t\t\t<section class=\"elementor-section elementor-top-section elementor-element elementor-element-7d7685e elementor-section-boxed elementor-section-height-default elementor-section-height-default\" data-id=\"7d7685e\" data-element_type=\"section\" data-e-type=\"section\">\n\t\t\t\t\t\t<div class=\"elementor-container elementor-column-gap-default\">\n\t\t\t\t\t<div class=\"elementor-column elementor-col-100 elementor-top-column elementor-element elementor-element-7d815177\" data-id=\"7d815177\" data-element_type=\"column\" data-e-type=\"column\">\n\t\t\t<div class=\"elementor-widget-wrap elementor-element-populated\">\n\t\t\t\t\t\t<div class=\"elementor-element elementor-element-61db1acf elementor-widget elementor-widget-progression-post-list\" data-id=\"61db1acf\" data-element_type=\"widget\" data-e-type=\"widget\" data-widget_type=\"progression-post-list.default\">\n\t\t\t\t<div class=\"elementor-widget-container\">\n\t\t\t\t\t\t\n\n\n\t<div class=\"progression-studios-post-list-main\">\n\n\t\t\t\t\t\t\t\n\t\t\n\t\t<div class=\"progression-masonry-margins\">\n\t\t\t<div id=\"progression-blog-index-masonry-61db1acf\">\n\t\t\t\t\n\t\t\t\t\t\t\t\t\n\t\t\t\t\n\t\t\t<\/div><!-- close #progression-blog-index-masonry-61db1acf  -->\n\t\t<\/div><!-- close .progression-masonry-margins -->\n\t\t\t\t\n\t\t\n\t\t\n\t\t<div class=\"clearfix-pro\"><\/div>\n\t\t\n\t\n\t\t\n\t\t\t\t\t\n\t\t\t\t\t\t\n\t\t\t\n\t\t\n\t\t\n\t<\/div><!-- close .progression-studios-post-list-main -->\n\t\n\t<script type=\"text\/javascript\"> \n\tjQuery(document).ready(function($) {\n\t\t'use strict';\n\t\t\/* Default Isotope Load Code *\/\n\t\tvar $container61db1acf = $(\"#progression-blog-index-masonry-61db1acf\").isotope();\n\t\t$container61db1acf.imagesLoaded( function() {\n\t\t\t$(\".progression-masonry-item\").addClass(\"opacity-progression\");\n\t\t\t$container61db1acf.isotope({\n\t\t\t\titemSelector: \"#progression-blog-index-masonry-61db1acf .progression-masonry-item\",\t\t\t\t\n\t\t\t\tpercentPosition: true,\n\t\t\t\tlayoutMode: \"masonry\" \n\t \t\t});\n\t\t});\n\t\t\/* END Default Isotope Code *\/\n\t\t\n\t\t\t\t\n\t\t\n\t\t\t\t\n\t\t\/* Begin Infinite Scroll *\/\n\t\t$container61db1acf.infinitescroll({\n\t\terrorCallback: function(){  $(\"#infinite-nav-pro-61db1acf\").delay(500).fadeOut(500, function(){ $(this).remove(); }); },\n\t\t  navSelector  : \"#infinite-nav-pro-61db1acf\",  \n\t\t  nextSelector : \"#infinite-nav-pro-61db1acf .nav-previous a\", \n\t\t  itemSelector : \"#progression-blog-index-masonry-61db1acf .progression-masonry-item\", \n\t   \t\tloading: {\n\t   \t\t \timg: \"https:\/\/amoscesar.com\/ht\/wp-content\/themes\/viseo-progression\/images\/loader.gif\",\n\t   \t\t\t msgText: \"\",\n\t   \t\t \tfinishedMsg: \"<div id='no-more-posts'>No more posts<\/div>\",\n\t   \t\t \tspeed: 0, }\n\t\t  },\n\t\t  \/\/ trigger Isotope as a callback\n\t\t  function( newElements ) {\n\t\t\t  \n\t\t\t  !function(a, b) {\n\t\t\t      function c() {\n\t\t\t          function a() {\n\t\t\t              \"undefined\" != typeof _wpmejsSettings && (c = b.extend(!0, {}, _wpmejsSettings)), c.success = c.success || function(a) {\n\t\t\t                  var b,\n\t\t\t                      c;\n\t\t\t                  \"flash\" === a.pluginType && (b = a.attributes.autoplay && \"false\" !== a.attributes.autoplay, c = a.attributes.loop && \"false\" !== a.attributes.loop, b && a.addEventListener(\"canplay\", function() {\n\t\t\t                      a.play()\n\t\t\t                  }, !1), c && a.addEventListener(\"ended\", function() {\n\t\t\t                      a.play()\n\t\t\t                  }, !1))\n\t\t\t              }, b(\".wp-audio-shortcode, .wp-video-shortcode\").not(\".mejs-container\").filter(function() {\n\t\t\t                  return !b(this).parent().hasClass(\".mejs-mediaelement\")\n\t\t\t              }).mediaelementplayer(c)\n\t\t\t          }\n\t\t\t          var c = {};\n\t\t\t          return {\n\t\t\t              initialize: a\n\t\t\t          }\n\t\t\t      }\n\t\t\t      a.wp = a.wp || {}, mejs.plugins.silverlight[0].types.push(\"video\/x-ms-wmv\"), mejs.plugins.silverlight[0].types.push(\"audio\/x-ms-wma\"), a.wp.mediaelement = new c, b(a.wp.mediaelement.initialize)\n\t\t\t  }(window, jQuery);\n\n\n\t\t     $(\".progression-studios-gallery\").flexslider({\n\t\t \t\tanimation: \"fade\",      \n\t\t \t\tslideDirection: \"horizontal\", \n\t\t \t\tslideshow: false,   \n\t\t \t\tsmoothHeight: false,\n\t\t \t\tslideshowSpeed: 7000,  \n\t\t \t\tanimationSpeed: 1000,        \n\t\t \t\tdirectionNav: true,             \n\t\t \t\tcontrolNav: true,\n\t\t \t\tprevText: \"\",   \n\t\t \t\tnextText: \"\",\n\t\t     });\n\t\t\t  \n\t\t    \t$(\".progression-studios-default-blog-overlay a[data-rel^=\\'prettyPhoto\\'], .progression-studios-feaured-image a[data-rel^=\\'prettyPhoto\\']\").prettyPhoto({\n\t\t  \t\t\ttheme: \"pp_default\",\n\t\t    \t\t\thook: \"data-rel\",\n\t\t  \t\t\topacity: 0.7,\n\t\t    \t\t\tshow_title: false, \n\t\t    \t\t\tdeeplinking: false,\n\t\t    \t\t\toverlay_gallery: false,\n\t\t    \t\t\tcustom_markup: \"\",\n\t\t  \t\t\tdefault_width: 1100,\n\t\t  \t\t\tdefault_height: 619,\n\t\t    \t\tsocial_tools:\"\"\n\t\t    \t});\n\t\t\t\t\n\t\t\t\t$(\".progression-studios-default-blog-overlay, .progression-studios-default-blog-index\").fitVids();\n\n\t\t    var $newElems = $( newElements );\n \t\n\t\t\t\t$newElems.imagesLoaded(function(){\n\t\t\t\t\t\n\t\t\t\t$container61db1acf.isotope( \"appended\", $newElems );\n\t\t\t\t$(\".progression-masonry-item\").addClass(\"opacity-progression\");\n\t\t\t\t\n\t\t\t});\n\n\t\t  }\n\t\t);\n\t    \/* END Infinite Scroll *\/\n\t\t\t\t\n\t\t\n\t\t\t\t\/* PAUSE FOR LOAD MORE *\/\n\t\t$(window).unbind(\".infscr\");\n\t\t\/\/ Resume Infinite Scroll\n\t\t$(\"#infinite-nav-pro-61db1acf .nav-previous a\").click(function(){\n\t\t\t$container61db1acf.infinitescroll(\"retrieve\");\n\t\t\treturn false;\n\t\t});\n\t\t\/* End Infinite Scroll *\/\n\t\t\t\t\n\t});\n\t<\/script>\n\t\n\n\n\t\t\n\n\t\t\t\t\t<\/div>\n\t\t\t\t<\/div>\n\t\t\t\t\t<\/div>\n\t\t<\/div>\n\t\t\t\t\t<\/div>\n\t\t<\/section>\n\t\t\t\t<\/div>\n\t\t","protected":false},"excerpt":{"rendered":"<p>Atik Article News Amos C\u00e9sar revient de sa tour d\u2019ivoire pour le meilleur et pour le rire &mdash; 2 mois ago \u00c0 l\u2019instar d\u2019une com\u00e8te, l\u2019humoriste Amos C\u00e9sar fait son r\u00e9apparition sur la sc\u00e8ne th\u00e9\u00e2trale. Apr\u00e8s plus de douze ans d\u2019absence, l\u2019ancien \u00e9l\u00e8ve du Petit Conservatoire est de retour avec son nouveau monologue comique: Itiya. [&hellip;]<\/p>\n","protected":false},"author":1,"featured_media":0,"parent":392,"menu_order":0,"comment_status":"closed","ping_status":"closed","template":"elementor_header_footer","meta":{"give_campaign_id":0,"footnotes":""},"class_list":["post-421","page","type-page","status-publish","hentry"],"acf":[],"campaignId":"","_links":{"self":[{"href":"https:\/\/amoscesar.com\/ht\/wp-json\/wp\/v2\/pages\/421","targetHints":{"allow":["GET"]}}],"collection":[{"href":"https:\/\/amoscesar.com\/ht\/wp-json\/wp\/v2\/pages"}],"about":[{"href":"https:\/\/amoscesar.com\/ht\/wp-json\/wp\/v2\/types\/page"}],"author":[{"embeddable":true,"href":"https:\/\/amoscesar.com\/ht\/wp-json\/wp\/v2\/users\/1"}],"replies":[{"embeddable":true,"href":"https:\/\/amoscesar.com\/ht\/wp-json\/wp\/v2\/comments?post=421"}],"version-history":[{"count":26,"href":"https:\/\/amoscesar.com\/ht\/wp-json\/wp\/v2\/pages\/421\/revisions"}],"predecessor-version":[{"id":1219,"href":"https:\/\/amoscesar.com\/ht\/wp-json\/wp\/v2\/pages\/421\/revisions\/1219"}],"up":[{"embeddable":true,"href":"https:\/\/amoscesar.com\/ht\/wp-json\/wp\/v2\/pages\/392"}],"wp:attachment":[{"href":"https:\/\/amoscesar.com\/ht\/wp-json\/wp\/v2\/media?parent=421"}],"curies":[{"name":"wp","href":"https:\/\/api.w.org\/{rel}","templated":true}]}}