{"id":413,"date":"2023-08-09T00:36:45","date_gmt":"2023-08-09T00:36:45","guid":{"rendered":"https:\/\/amoscesar.com\/ht\/?page_id=413"},"modified":"2024-03-22T20:57:49","modified_gmt":"2024-03-22T20:57:49","slug":"lyrics","status":"publish","type":"page","link":"https:\/\/amoscesar.com\/ht\/lyrics\/","title":{"rendered":"T\u00e8ks"},"content":{"rendered":"\t\t<div data-elementor-type=\"wp-page\" data-elementor-id=\"413\" class=\"elementor elementor-413\">\n\t\t\t\t\t\t<section class=\"elementor-section elementor-top-section elementor-element elementor-element-4bbe0b9a elementor-section-full_width elementor-section-height-min-height elementor-section-height-default elementor-section-items-middle\" data-id=\"4bbe0b9a\" data-element_type=\"section\" data-e-type=\"section\" data-settings=\"{&quot;background_background&quot;:&quot;classic&quot;}\">\n\t\t\t\t\t\t\t<div class=\"elementor-background-overlay\"><\/div>\n\t\t\t\t\t\t\t<div class=\"elementor-container elementor-column-gap-default\">\n\t\t\t\t\t<div class=\"elementor-column elementor-col-100 elementor-top-column elementor-element elementor-element-6b239cf2\" data-id=\"6b239cf2\" data-element_type=\"column\" data-e-type=\"column\">\n\t\t\t<div class=\"elementor-widget-wrap elementor-element-populated\">\n\t\t\t\t\t\t<div class=\"elementor-element elementor-element-3629ff04 elementor-widget elementor-widget-heading\" data-id=\"3629ff04\" data-element_type=\"widget\" data-e-type=\"widget\" data-widget_type=\"heading.default\">\n\t\t\t\t<div class=\"elementor-widget-container\">\n\t\t\t\t\t<h2 class=\"elementor-heading-title elementor-size-default\">T\u00e8ks<\/h2>\t\t\t\t<\/div>\n\t\t\t\t<\/div>\n\t\t\t\t\t<\/div>\n\t\t<\/div>\n\t\t\t\t\t<\/div>\n\t\t<\/section>\n\t\t\t\t<section class=\"elementor-section elementor-top-section elementor-element elementor-element-607fc2e3 elementor-section-boxed elementor-section-height-default elementor-section-height-default\" data-id=\"607fc2e3\" data-element_type=\"section\" data-e-type=\"section\">\n\t\t\t\t\t\t<div class=\"elementor-container elementor-column-gap-default\">\n\t\t\t\t\t<div class=\"elementor-column elementor-col-100 elementor-top-column elementor-element elementor-element-1cee12db\" data-id=\"1cee12db\" data-element_type=\"column\" data-e-type=\"column\">\n\t\t\t<div class=\"elementor-widget-wrap elementor-element-populated\">\n\t\t\t\t\t\t<div class=\"elementor-element elementor-element-7b77631d elementor-widget elementor-widget-progression-post-list\" data-id=\"7b77631d\" data-element_type=\"widget\" data-e-type=\"widget\" data-widget_type=\"progression-post-list.default\">\n\t\t\t\t<div class=\"elementor-widget-container\">\n\t\t\t\t\t\t\n\n\n\t<div class=\"progression-studios-post-list-main\">\n\n\t\t\t\t\t\t\t\n\t\t\n\t\t<div class=\"progression-masonry-margins\">\n\t\t\t<div id=\"progression-blog-index-masonry-7b77631d\">\n\t\t\t\t\n\t\t\t\t\t\t\t\t<div class=\"progression-masonry-item \">\n\t\t\t\t\t<div class=\"progression-masonry-padding-blog  progression_elements_post_list_author progression_elements_post_list_comment progression_elements_post_list_view_count progression_elements_post_list_excerpt\">\n\t\t\t\t\t\t<div class=\"progression-studios-isotope-animation\">\n\t\t\t\t\t\t\t\n\t\t\t\t\t\t\t\t\t\t\t\t\t\t\t\n\n\n\n<div id=\"post-221\" class=\"post-221 post type-post status-publish format-video has-post-thumbnail hentry category-mizik category-teks tag-lyrics tag-music post_format-post-format-video\">\t\n\t<div class=\"progression-studios-default-blog-index progression-studios-blog-image-no-effect\">\n\n\t\t\t\t\t<div class=\"progression-studios-feaured-image\">\n\t\t\t\t\t\n\t\t\t\t\n\t\t\t\t\t\t\n\t\t\t\t\t\t\t\t\t\t\t\n\t\t\t\t\t\t\t\t\t\t\t\t\t\t\n\t\t\t\t\t\t\t\t<a href=\"https:\/\/amoscesar.com\/ht\/rien-sans-toi\/\">\n\t\t\t\t\t\t\t\t\t\t\t\t\t\t\t\t\n\t\t\t\t\t\t\t\t\t\t\t\t\n\t\t\t\t\t\t\t\t\n\t\t\t\t\n\t\t\n\t\t\t\t\t<img fetchpriority=\"high\" decoding=\"async\" width=\"800\" height=\"450\" src=\"https:\/\/amoscesar.com\/ht\/wp-content\/uploads\/sites\/5\/2017\/04\/amos_pix03-800x450.jpg\" class=\"attachment-progression-studios-blog-index size-progression-studios-blog-index wp-post-image\" alt=\"\" \/>\t\t\t\t\t\n\t\t\t\t\t\t\t\t\t\t\t\t\t\t\t\t<div class=\"blog-play-icon\"><i class=\"fa fa-play\" aria-hidden=\"true\"><\/i><\/div>\n\t\t\t\t\t\t\t\t\t\t\t\t\t\t\t\n\t\t\t\t\t<div class=\"blog-floating-comments-viewcount\">\n\t\t\t\t\t\t\t\t\t\t\t\t\t\t\t\t\t<\/div><!-- close .blog-floating-comments-viewcount -->\n\t\t\t\t\t\n\t\t\t\t<\/a>\n\t\t\t<\/div><!-- close .progression-studios-feaured-image -->\n\t\t<!-- close video -->\n\t\t\n\t\t<div class=\"progression-blog-content\">\n\t\t\t\t\t\t\t<div class=\"blog-meta-category-list\"><a href=\"https:\/\/amoscesar.com\/ht\/category\/mizik\/\" rel=\"category tag\">Mizik<\/a> <a href=\"https:\/\/amoscesar.com\/ht\/category\/mizik\/teks\/\" rel=\"category tag\">T\u00e8ks<\/a><\/div>\t\t\t\t\t\t\n\t\t\t<h2 class=\"progression-blog-title\">\n\t\t\t\t\n\t\t\n\t\t\t\t<a href=\"https:\/\/amoscesar.com\/ht\/rien-sans-toi\/\">\n\t\t\t\t\t\t\n\t\t\t\t\n\t\t\nRien sans toi<\/a><\/h2>\n\n\t\t\t\t\t\t\t<div class=\"progression-post-meta\">\n\t\t\t\t\t\t\t\t\t\t\n\t\t\t\t\t<span class=\"progression-meta-mdash\">&mdash;<\/span> <span class=\"blog-meta-date-display\">08\/01\/2024<\/span>\t\t\n\t\t\t\t<\/div>\n\t\t\t\t\t\t\n\t\t\t<div class=\"progression-studios-blog-excerpt\">\n\t\t\t\t\t\t\t\t\t\t\t\t\t<p style=\"text-align: center;\"><strong>Lyric:<\/strong><\/p>\n<p style=\"text-align: center;\">Patiente et douce<\/p>\n<p style=\"text-align: center;\">Elle m\u2019apprend \u00e0 \u00eatre une autre personne<\/p>\n<p style=\"text-align: center;\">Comme une source<\/p>\n<p style=\"text-align: center;\">Elle rafraichit mon c\u0153ur qui r\u00e9sonne<\/p>\n<p style=\"text-align: center;\">Chaque fois que la chaleur du monde<\/p>\n<p style=\"text-align: center;\">Vient vers moi toute immonde<\/p>\n<p style=\"text-align: center;\">Il croit encore<\/p>\n<p style=\"text-align: center;\">Que le monde peut toujours changer<\/p>\n<p style=\"text-align: center;\">Et jusqu\u2019au port<\/p>\n<p style=\"text-align: center;\">Il conduit le monde en toute suret\u00e9<\/p>\n<p style=\"text-align: center;\">Oui dans mon c\u0153ur il respire<\/p>\n<p style=\"text-align: center;\">Je crois, je vois, et je l\u2019admire<\/p>\n<p style=\"text-align: center;\"><strong>Refrain<\/strong><\/p>\n<p style=\"text-align: center;\">Je ne suis rien sans toi<\/p>\n<p style=\"text-align: center;\">Je ne vis que par toi<\/p>\n<p style=\"text-align: center;\">La connaissance sera partie<\/p>\n<p style=\"text-align: center;\">Fini les proph\u00e9ties<\/p>\n<p style=\"text-align: center;\">La charit\u00e9 restera<\/p>\n<p style=\"text-align: center;\">L\u2019amour, toujours, triomphera<\/p>\n<p style=\"text-align: center;\"><strong>2<\/strong><\/p>\n<p style=\"text-align: center;\">Comme un h\u00e9ros<\/p>\n<p style=\"text-align: center;\">La justice est son seul \u00e9tendard<\/p>\n<p style=\"text-align: center;\">Comme un manteau<\/p>\n<p style=\"text-align: center;\">Il m\u2019enveloppe et me garde des brouillards<\/p>\n<p style=\"text-align: center;\">Mon c\u0153ur fragile par manque de foi<\/p>\n<p style=\"text-align: center;\">Fr\u00e9mit, sourit, remplit de joie<\/p>\n<p style=\"text-align: center;\">Tel un myst\u00e8re<\/p>\n<p style=\"text-align: center;\">Elle me touche, je vois monts et merveilles<\/p>\n<p style=\"text-align: center;\">Telle une m\u00e8re<\/p>\n<p style=\"text-align: center;\">Son sourire caresse mon doux sommeil<\/p>\n<p style=\"text-align: center;\">Aucune science ne peut la saisir<\/p>\n<p style=\"text-align: center;\">Le ciel, la terre ne peuvent la contenir<\/p>\n<p style=\"text-align: center;\"><strong>Pon<\/strong><\/p>\n<p style=\"text-align: center;\">Oui elle esp\u00e8re<\/p>\n<p style=\"text-align: center;\">Au tr\u00e9fonds du d\u00e9sespoir<\/p>\n<p style=\"text-align: center;\">Comme un tendre p\u00e8re<\/p>\n<p style=\"text-align: center;\">Il veille sur nous dans le noir<\/p>\n<p style=\"text-align: center;\">Jamais en tort<\/p>\n<p style=\"text-align: center;\">Elle illumine le chemin<\/p>\n<p style=\"text-align: center;\">Toujours plus fort<\/p>\n<p style=\"text-align: center;\">Il nous garde dans sa main.<\/p>\n\t\t\t\t\t\t\t\t\t\t\t\n\t\t\t\n\t\t\t\t\t\t<\/div>\n\t\t\t\n\t\t\t\n\t\t\t\n\t\t<\/div><!-- close .progression-blog-content -->\n\t\n\t\t\t\n\t<div class=\"clearfix-pro\"><\/div>\n\t<\/div><!-- close .progression-studios-default-blog-index -->\n<\/div><!-- #post-## -->\t\t\t\t\t\t\t\t\t\t\t\t\t<\/div><!-- close .progression-studios-isotope-animation -->\n\t\t\t\t\t<\/div><!-- close .progression-masonry-padding-blog -->\n\t\t\t\t<\/div><!-- close .progression-masonry-item -->\n\t\t\t\t\t\t\t\t\n\t\t\t\t\n\t\t\t<\/div><!-- close #progression-blog-index-masonry-7b77631d  -->\n\t\t<\/div><!-- close .progression-masonry-margins -->\n\t\t\t\t\n\t\t\n\t\t\n\t\t<div class=\"clearfix-pro\"><\/div>\n\t\t\n\t\n\t\t\n\t\t\t\t\t\n\t\t\t\t\t\t\n\t\t\t\n\t\t\n\t\t\n\t<\/div><!-- close .progression-studios-post-list-main -->\n\t\n\t<script type=\"text\/javascript\"> \n\tjQuery(document).ready(function($) {\n\t\t'use strict';\n\t\t\/* Default Isotope Load Code *\/\n\t\tvar $container7b77631d = $(\"#progression-blog-index-masonry-7b77631d\").isotope();\n\t\t$container7b77631d.imagesLoaded( function() {\n\t\t\t$(\".progression-masonry-item\").addClass(\"opacity-progression\");\n\t\t\t$container7b77631d.isotope({\n\t\t\t\titemSelector: \"#progression-blog-index-masonry-7b77631d .progression-masonry-item\",\t\t\t\t\n\t\t\t\tpercentPosition: true,\n\t\t\t\tlayoutMode: \"masonry\" \n\t \t\t});\n\t\t});\n\t\t\/* END Default Isotope Code *\/\n\t\t\n\t\t\t\t\n\t\t\n\t\t\t\t\n\t\t\/* Begin Infinite Scroll *\/\n\t\t$container7b77631d.infinitescroll({\n\t\terrorCallback: function(){  $(\"#infinite-nav-pro-7b77631d\").delay(500).fadeOut(500, function(){ $(this).remove(); }); },\n\t\t  navSelector  : \"#infinite-nav-pro-7b77631d\",  \n\t\t  nextSelector : \"#infinite-nav-pro-7b77631d .nav-previous a\", \n\t\t  itemSelector : \"#progression-blog-index-masonry-7b77631d .progression-masonry-item\", \n\t   \t\tloading: {\n\t   \t\t \timg: \"https:\/\/amoscesar.com\/ht\/wp-content\/themes\/viseo-progression\/images\/loader.gif\",\n\t   \t\t\t msgText: \"\",\n\t   \t\t \tfinishedMsg: \"<div id='no-more-posts'>No more posts<\/div>\",\n\t   \t\t \tspeed: 0, }\n\t\t  },\n\t\t  \/\/ trigger Isotope as a callback\n\t\t  function( newElements ) {\n\t\t\t  \n\t\t\t  !function(a, b) {\n\t\t\t      function c() {\n\t\t\t          function a() {\n\t\t\t              \"undefined\" != typeof _wpmejsSettings && (c = b.extend(!0, {}, _wpmejsSettings)), c.success = c.success || function(a) {\n\t\t\t                  var b,\n\t\t\t                      c;\n\t\t\t                  \"flash\" === a.pluginType && (b = a.attributes.autoplay && \"false\" !== a.attributes.autoplay, c = a.attributes.loop && \"false\" !== a.attributes.loop, b && a.addEventListener(\"canplay\", function() {\n\t\t\t                      a.play()\n\t\t\t                  }, !1), c && a.addEventListener(\"ended\", function() {\n\t\t\t                      a.play()\n\t\t\t                  }, !1))\n\t\t\t              }, b(\".wp-audio-shortcode, .wp-video-shortcode\").not(\".mejs-container\").filter(function() {\n\t\t\t                  return !b(this).parent().hasClass(\".mejs-mediaelement\")\n\t\t\t              }).mediaelementplayer(c)\n\t\t\t          }\n\t\t\t          var c = {};\n\t\t\t          return {\n\t\t\t              initialize: a\n\t\t\t          }\n\t\t\t      }\n\t\t\t      a.wp = a.wp || {}, mejs.plugins.silverlight[0].types.push(\"video\/x-ms-wmv\"), mejs.plugins.silverlight[0].types.push(\"audio\/x-ms-wma\"), a.wp.mediaelement = new c, b(a.wp.mediaelement.initialize)\n\t\t\t  }(window, jQuery);\n\n\n\t\t     $(\".progression-studios-gallery\").flexslider({\n\t\t \t\tanimation: \"fade\",      \n\t\t \t\tslideDirection: \"horizontal\", \n\t\t \t\tslideshow: false,   \n\t\t \t\tsmoothHeight: false,\n\t\t \t\tslideshowSpeed: 7000,  \n\t\t \t\tanimationSpeed: 1000,        \n\t\t \t\tdirectionNav: true,             \n\t\t \t\tcontrolNav: true,\n\t\t \t\tprevText: \"\",   \n\t\t \t\tnextText: \"\",\n\t\t     });\n\t\t\t  \n\t\t    \t$(\".progression-studios-default-blog-overlay a[data-rel^=\\'prettyPhoto\\'], .progression-studios-feaured-image a[data-rel^=\\'prettyPhoto\\']\").prettyPhoto({\n\t\t  \t\t\ttheme: \"pp_default\",\n\t\t    \t\t\thook: \"data-rel\",\n\t\t  \t\t\topacity: 0.7,\n\t\t    \t\t\tshow_title: false, \n\t\t    \t\t\tdeeplinking: false,\n\t\t    \t\t\toverlay_gallery: false,\n\t\t    \t\t\tcustom_markup: \"\",\n\t\t  \t\t\tdefault_width: 1100,\n\t\t  \t\t\tdefault_height: 619,\n\t\t    \t\tsocial_tools:\"\"\n\t\t    \t});\n\t\t\t\t\n\t\t\t\t$(\".progression-studios-default-blog-overlay, .progression-studios-default-blog-index\").fitVids();\n\n\t\t    var $newElems = $( newElements );\n \t\n\t\t\t\t$newElems.imagesLoaded(function(){\n\t\t\t\t\t\n\t\t\t\t$container7b77631d.isotope( \"appended\", $newElems );\n\t\t\t\t$(\".progression-masonry-item\").addClass(\"opacity-progression\");\n\t\t\t\t\n\t\t\t});\n\n\t\t  }\n\t\t);\n\t    \/* END Infinite Scroll *\/\n\t\t\t\t\n\t\t\n\t\t\t\t\/* PAUSE FOR LOAD MORE *\/\n\t\t$(window).unbind(\".infscr\");\n\t\t\/\/ Resume Infinite Scroll\n\t\t$(\"#infinite-nav-pro-7b77631d .nav-previous a\").click(function(){\n\t\t\t$container7b77631d.infinitescroll(\"retrieve\");\n\t\t\treturn false;\n\t\t});\n\t\t\/* End Infinite Scroll *\/\n\t\t\t\t\n\t});\n\t<\/script>\n\t\n\n\n\t\t\n\n\t\t\t\t\t<\/div>\n\t\t\t\t<\/div>\n\t\t\t\t\t<\/div>\n\t\t<\/div>\n\t\t\t\t\t<\/div>\n\t\t<\/section>\n\t\t\t\t<\/div>\n\t\t","protected":false},"excerpt":{"rendered":"<p>T\u00e8ks Mizik T\u00e8ks Rien sans toi &mdash; 2 mois ago Lyric: Patiente et douce Elle m\u2019apprend \u00e0 \u00eatre une autre personne Comme une source Elle rafraichit mon c\u0153ur qui r\u00e9sonne Chaque fois que la chaleur du monde Vient vers moi toute immonde Il croit encore Que le monde peut toujours changer Et jusqu\u2019au port Il [&hellip;]<\/p>\n","protected":false},"author":1,"featured_media":0,"parent":0,"menu_order":0,"comment_status":"closed","ping_status":"closed","template":"elementor_header_footer","meta":{"give_campaign_id":0,"footnotes":""},"class_list":["post-413","page","type-page","status-publish","hentry"],"acf":[],"campaignId":"","_links":{"self":[{"href":"https:\/\/amoscesar.com\/ht\/wp-json\/wp\/v2\/pages\/413","targetHints":{"allow":["GET"]}}],"collection":[{"href":"https:\/\/amoscesar.com\/ht\/wp-json\/wp\/v2\/pages"}],"about":[{"href":"https:\/\/amoscesar.com\/ht\/wp-json\/wp\/v2\/types\/page"}],"author":[{"embeddable":true,"href":"https:\/\/amoscesar.com\/ht\/wp-json\/wp\/v2\/users\/1"}],"replies":[{"embeddable":true,"href":"https:\/\/amoscesar.com\/ht\/wp-json\/wp\/v2\/comments?post=413"}],"version-history":[{"count":23,"href":"https:\/\/amoscesar.com\/ht\/wp-json\/wp\/v2\/pages\/413\/revisions"}],"predecessor-version":[{"id":1271,"href":"https:\/\/amoscesar.com\/ht\/wp-json\/wp\/v2\/pages\/413\/revisions\/1271"}],"wp:attachment":[{"href":"https:\/\/amoscesar.com\/ht\/wp-json\/wp\/v2\/media?parent=413"}],"curies":[{"name":"wp","href":"https:\/\/api.w.org\/{rel}","templated":true}]}}